{"id":769,"date":"2023-01-18T15:16:16","date_gmt":"2023-01-18T15:16:16","guid":{"rendered":"https:\/\/beatrizabreupeixoto.me\/beatriz-abreu-peixoto\/"},"modified":"2023-12-06T10:49:04","modified_gmt":"2023-12-06T10:49:04","slug":"beatriz-abreu-peixoto","status":"publish","type":"page","link":"https:\/\/beatrizabreupeixoto.me\/en\/","title":{"rendered":"Beatriz Abreu Peixoto"},"content":{"rendered":"<style>\/*! elementor - v3.18.0 - 04-12-2023 *\/\n.elementor-heading-title{padding:0;margin:0;line-height:1}.elementor-widget-heading .elementor-heading-title[class*=elementor-size-]>a{color:inherit;font-size:inherit;line-height:inherit}.elementor-widget-heading .elementor-heading-title.elementor-size-small{font-size:15px}.elementor-widget-heading .elementor-heading-title.elementor-size-medium{font-size:19px}.elementor-widget-heading .elementor-heading-title.elementor-size-large{font-size:29px}.elementor-widget-heading .elementor-heading-title.elementor-size-xl{font-size:39px}.elementor-widget-heading .elementor-heading-title.elementor-size-xxl{font-size:59px}<\/style>\n<h1>Hello, I&#8217;M Beatriz!<\/h1>\n<p>I help you stay consistent in sending newsletters and publishing articles on your blog, saving you time and writing about topics your target audience really wants to know about.<\/p>\n<p>\t\t\t<a role=\"button\"><br \/>\n\t\t\t\t\t\tLet&#8217;s Talk<br \/>\n\t\t\t\t\t<\/a><\/p>\n<style>\/*! elementor - v3.18.0 - 04-12-2023 *\/\n.elementor-widget-image-carousel .swiper,.elementor-widget-image-carousel .swiper-container{position:static}.elementor-widget-image-carousel .swiper-container .swiper-slide figure,.elementor-widget-image-carousel .swiper .swiper-slide figure{line-height:inherit}.elementor-widget-image-carousel .swiper-slide{text-align:center}.elementor-image-carousel-wrapper:not(.swiper-container-initialized):not(.swiper-initialized) .swiper-slide{max-width:calc(100% \/ var(--e-image-carousel-slides-to-show, 3))}<\/style>\n<figure><img decoding=\"async\" src=\"https:\/\/beatrizabreupeixoto.me\/wp-content\/uploads\/2023\/01\/logofidelidadepng@3x.png\" alt=\"logofidelidadepng@3x\" \/><\/figure>\n<figure><img decoding=\"async\" src=\"https:\/\/beatrizabreupeixoto.me\/wp-content\/uploads\/2023\/01\/invoice-express-logo@3x-e1674393946504.png\" alt=\"invoice-express-logo@3x\" \/><\/figure>\n<figure><img decoding=\"async\" src=\"https:\/\/beatrizabreupeixoto.me\/wp-content\/uploads\/2023\/01\/logo-miguel-abreu-peixoto-consultor-imobiliario-kw@3x.png\" alt=\"logo-miguel-abreu-peixoto-consultor-imobiliario-kw@3x\" \/><\/figure>\n<figure><img decoding=\"async\" src=\"https:\/\/beatrizabreupeixoto.me\/wp-content\/uploads\/2023\/01\/helping-fido-logo@3x-e1674393981217.png\" alt=\"helping-fido-logo@3x\" \/><\/figure>\n<figure><img decoding=\"async\" src=\"https:\/\/beatrizabreupeixoto.me\/wp-content\/uploads\/2023\/12\/Untitled-design-1.png\" alt=\"Untitled design (1)\" \/><\/figure>\n<h1>How can I help?<\/h1>\n<style>\/*! elementor - v3.18.0 - 04-12-2023 *\/\n.elementor-widget-image{text-align:center}.elementor-widget-image a{display:inline-block}.elementor-widget-image a img[src$=\".svg\"]{width:48px}.elementor-widget-image img{vertical-align:middle;display:inline-block}<\/style>\n<p>\t\t\t\t\t\t\t\t\t\t\t\t<img decoding=\"async\" width=\"196\" height=\"197\" src=\"https:\/\/beatrizabreupeixoto.me\/wp-content\/uploads\/2023\/01\/editorial-1.svg\" alt=\"\" \/>\t\t\t\t\t\t\t\t\t\t\t\t\t\t\t<\/p>\n<h3>COntent calendar<\/h3>\n<p>Creating a content calendar so that you are able to publish regular articles in line with what your target audience wants to read and the products or services you offer.<\/p>\n<p>\t\t\t\t\t\t\t\t\t\t\t\t\t\t\t<img decoding=\"async\" width=\"205\" height=\"204\" src=\"https:\/\/beatrizabreupeixoto.me\/wp-content\/uploads\/2023\/01\/artigos-1.svg\" alt=\"\" \/>\t\t\t\t\t\t\t\t\t\t\t\t\t\t\t<\/p>\n<h3>BlOg articles<\/h3>\n<p>Article writing from research to final revision. This can include CMS uploads (WordPress, Wix, etc.) as well as image supply with image optimization.<\/p>\n<p>\t\t\t\t\t\t\t\t\t\t\t\t\t\t\t<img decoding=\"async\" width=\"195\" height=\"196\" src=\"https:\/\/beatrizabreupeixoto.me\/wp-content\/uploads\/2023\/01\/newsletters.svg\" alt=\"\" \/>\t\t\t\t\t\t\t\t\t\t\t\t\t\t\t<\/p>\n<h3>Newsletters<\/h3>\n<p>Writing, organizing and sending newsletters in a consistent manner to promote the articles published on the blog, promotions you are running or any other information you find relevant. All so you can maintain a regular connection with your subscribers.<\/p>\n<p>\t\t\t<a role=\"button\"><br \/>\n\t\t\t\t\t\tLet&#8217;s Talk<br \/>\n\t\t\t\t\t<\/a><\/p>\n<h4>Who is<\/h4>\n<h2>BeatrIz<\/h2>\n<p>I help companies and small businesses by creating informative, search engine optimized written content, saving them time and maintaining consistency in their content marketing efforts. When I&#8217;m not writing, I love spending time with my four-legged daughter, Phoebe.<\/p>\n<p>\t\t\t<a role=\"button\"><br \/>\n\t\t\t\t\t\tRead what I write<br \/>\n\t\t\t\t\t<\/a><br \/>\n\t\t\t\t\t\t\t\t\t\t\t\t\t\t\t<img loading=\"lazy\" decoding=\"async\" width=\"800\" height=\"921\" src=\"https:\/\/beatrizabreupeixoto.me\/wp-content\/uploads\/2023\/03\/Homepage-quem-e2-889x1024.png\" alt=\"\" srcset=\"https:\/\/beatrizabreupeixoto.me\/wp-content\/uploads\/2023\/03\/Homepage-quem-e2-889x1024.png 889w, https:\/\/beatrizabreupeixoto.me\/wp-content\/uploads\/2023\/03\/Homepage-quem-e2-260x300.png 260w, https:\/\/beatrizabreupeixoto.me\/wp-content\/uploads\/2023\/03\/Homepage-quem-e2-768x885.png 768w, https:\/\/beatrizabreupeixoto.me\/wp-content\/uploads\/2023\/03\/Homepage-quem-e2-1334x1536.png 1334w, https:\/\/beatrizabreupeixoto.me\/wp-content\/uploads\/2023\/03\/Homepage-quem-e2-1778x2048.png 1778w\" sizes=\"(max-width: 800px) 100vw, 800px\" \/>\t\t\t\t\t\t\t\t\t\t\t\t\t\t\t<\/p>\n<h2>What my clients say about me<\/h2>\n<link rel=\"stylesheet\" href=\"https:\/\/beatrizabreupeixoto.me\/wp-content\/plugins\/elementor-pro\/assets\/css\/widget-carousel.min.css\">\n\t\t\t\t\t\t&#8220;Beatriz is one of the best freelancers I&#8217;ve had the fortune to work with throughout my career. She meets deadlines, is receptive to feedback, and also provides valuable insights\/ideas to help with content campaign development. She&#8217;s also very independent and I&#8217;m able to trust her to develop quality content after receiving a standard brief. If you&#8217;re looking for a writer to help with your company, especially in the pet space, you should reach out to Beatriz.&#8221;<br \/>\n\t\t\t\t\t\t<img decoding=\"async\" src=\"https:\/\/beatrizabreupeixoto.me\/wp-content\/uploads\/2023\/12\/charlescosta-1.jpeg\" alt=\"Charles Costa\"><br \/>\n\t\t\t\t\t\t\t\t<cite>Charles CostaOwner @ Helping Fido<\/cite><br \/>\n\t\t\t\t\t\t&#8220;A Beatriz \u00e9 uma escritora de conte\u00fados bastante organizada e criativa.<br \/>\nO seu talento, a sua facilidade de escrita e o constante cumprimento dos prazos acordados fizeram com que rapidamente se tornasse uma das nossas colaboradoras freelancer mais regulares.<br \/>\nDe real\u00e7ar ainda a sua capacidade de adapta\u00e7\u00e3o ao tom e \u00e0 estrutura dos conte\u00fados de uma marca, que a tornam uma excelente parceira para qualquer neg\u00f3cio.&#8221;<br \/>\n\t\t\t\t\t\t<img decoding=\"async\" src=\"https:\/\/beatrizabreupeixoto.me\/wp-content\/uploads\/2023\/12\/miguelcoelho-1.jpeg\" alt=\"Miguel Coelho\"><br \/>\n\t\t\t\t\t\t\t\t<cite>Miguel CoelhoContent Manager @ InvoiceXpress<\/cite><br \/>\n\t\t\t\t\t\t&#8220;Beatriz is an extremely efficient worker and a fast learner. She quickly took on a variety of challenges and excelled in different forms of writing and content over the course of our time working together. Would recommend to any hirers looking for a proficient copywriter.&#8221;<br \/>\n\t\t\t\t\t\t<img decoding=\"async\" src=\"https:\/\/beatrizabreupeixoto.me\/wp-content\/uploads\/2023\/12\/christianwilliams-1.jpeg\" alt=\"Christian Williams\"><br \/>\n\t\t\t\t\t\t\t\t<cite>Christian WilliamsEditorial Lead @ token.com<\/cite><br \/>\n\t\t\t\t\t\t&#8220;Beatriz did an amazing job in adapting to the dynamic and fast-paced environment at token.com. She skilfully transformed intricate technical concepts into clear, comprehensible narratives, greatly benefiting our customers. She is a great communicator and someone everyone really enjoyed collaborating with.&#8221;<br \/>\n\t\t\t\t\t\t<img decoding=\"async\" src=\"https:\/\/beatrizabreupeixoto.me\/wp-content\/uploads\/2023\/12\/grantsloane-1.jpeg\" alt=\"Grant Sloane\"><br \/>\n\t\t\t\t\t\t\t\t<cite>Grant SloaneProduct Manager @ token.com<\/cite><br \/>\n\t\t\t\t\t\t&#8220;I wholeheartedly recommend Beatriz as an outstanding UX Copywriter. Her professionalism, proactiveness, and positive &#8220;can do&#8221; attitude make her a pleasure to work with. Beatriz&#8217;s strong management skills shine through in her ability to lead and inspire teams, fostering a collaborative environment. She consistently delivers exceptional work, showcasing her deep understanding of UX principles. Beatriz&#8217;s contributions go beyond words; she is a true UX thinker who elevates the user experience with every project. Working with Beatriz is not just productive; it&#8217;s a rewarding experience, and I have no doubt she would be an asset to any team.&#8221;<br \/>\n\t\t\t\t\t\t<img decoding=\"async\" src=\"https:\/\/beatrizabreupeixoto.me\/wp-content\/uploads\/2023\/12\/mario-1.jpeg\" alt=\"Mario Fernandez\"><br \/>\n\t\t\t\t\t\t\t\t<cite>Mario FernandezLead UX Product Designer @ token.com<\/cite>\t\t\t<\/p>\n<h1>Have any questions?<\/h1>\n<p>\t\t\t<a role=\"button\"><br \/>\n\t\t\t\t\t\tLet&#8217;s Talk<br \/>\n\t\t\t\t\t<\/a><\/p>\n","protected":false},"excerpt":{"rendered":"<p>Hello, I&#8217;M Beatriz! I help you stay consistent in sending newsletters and publishing articles on your blog, saving you time and writing about topics your target audience really wants to know about. Let&#8217;s Talk How can I help? COntent calendar Creating a content calendar so that you are able to publish regular articles in line [&hellip;]<\/p>\n","protected":false},"author":3,"featured_media":0,"parent":0,"menu_order":0,"comment_status":"closed","ping_status":"closed","template":"elementor_header_footer","meta":{"footnotes":""},"class_list":["post-769","page","type-page","status-publish","hentry"],"_links":{"self":[{"href":"https:\/\/beatrizabreupeixoto.me\/en\/wp-json\/wp\/v2\/pages\/769","targetHints":{"allow":["GET"]}}],"collection":[{"href":"https:\/\/beatrizabreupeixoto.me\/en\/wp-json\/wp\/v2\/pages"}],"about":[{"href":"https:\/\/beatrizabreupeixoto.me\/en\/wp-json\/wp\/v2\/types\/page"}],"author":[{"embeddable":true,"href":"https:\/\/beatrizabreupeixoto.me\/en\/wp-json\/wp\/v2\/users\/3"}],"replies":[{"embeddable":true,"href":"https:\/\/beatrizabreupeixoto.me\/en\/wp-json\/wp\/v2\/comments?post=769"}],"version-history":[{"count":17,"href":"https:\/\/beatrizabreupeixoto.me\/en\/wp-json\/wp\/v2\/pages\/769\/revisions"}],"predecessor-version":[{"id":1134,"href":"https:\/\/beatrizabreupeixoto.me\/en\/wp-json\/wp\/v2\/pages\/769\/revisions\/1134"}],"wp:attachment":[{"href":"https:\/\/beatrizabreupeixoto.me\/en\/wp-json\/wp\/v2\/media?parent=769"}],"curies":[{"name":"wp","href":"https:\/\/api.w.org\/{rel}","templated":true}]}}